{"id":26436,"date":"2020-06-05T10:41:43","date_gmt":"2020-06-05T08:41:43","guid":{"rendered":"http:\/\/tecnomatic-automations.eu\/area-reservada\/"},"modified":"2020-11-02T22:20:42","modified_gmt":"2020-11-02T20:20:42","slug":"area-reservada","status":"publish","type":"page","link":"https:\/\/tecnomatic-automations.eu\/es\/area-reservada\/","title":{"rendered":"\u00c1rea Reservada"},"content":{"rendered":"<section class=\"l-section wpb_row height_large\"><div class=\"l-section-h i-cf\"><div class=\"g-cols vc_row type_default valign_top\"><div class=\"vc_col-sm-12 wpb_column vc_column_container animate_afc\"><div class=\"vc_column-inner\"><div class=\"wpb_wrapper\">\r\n\t<div class=\"wpb_text_column  sottotitolo-sezione\">\r\n\t\t<div class=\"wpb_wrapper\">\r\n\t\t\t<h6 style=\"text-align: center;\"><strong>Registrarse<\/strong><\/h6>\n\r\n\t\t<\/div>\r\n\t<\/div>\r\n<div class=\"w-separator size_custom separatore-colore with_line width_30 thick_3 style_dotted color_custom align_center\" style=\"height:45px;border-color:#fb8002;color:#fb8002;\"><div class=\"w-separator-h\"><\/div><\/div>[vc_custom_heading text=&#8221;\u00c1rea Reservada&#8221; font_container=&#8221;tag:h3|font_size:2.8rem|text_align:center&#8221; use_theme_fonts=&#8221;yes&#8221; el_class=&#8221;titolo-sezione&#8221;]\r\n\t<div class=\"wpb_text_column \">\r\n\t\t<div class=\"wpb_wrapper\">\r\n\t\t\t<p style=\"text-align: center;\">Ponte en contacto con nosotros y procederemos a activar tu \u00e1rea reservada para el intercambio de contenidos multimedia.<\/p>\n\r\n\t\t<\/div>\r\n\t<\/div>\r\n<\/div><\/div><\/div><\/div><\/div><\/section><section class=\"l-section wpb_row height_auto\"><div class=\"l-section-h i-cf\"><div class=\"g-cols vc_row type_default valign_top\"><div class=\"vc_col-sm-6 wpb_column vc_column_container animate_afc\"><div class=\"vc_column-inner\"><div class=\"wpb_wrapper\">\r\n\t<div class=\"wpb_text_column  sottotitolo-sezione\">\r\n\t\t<div class=\"wpb_wrapper\">\r\n\t\t\t<h5><strong>Datos de la Empresa<\/strong><\/h5>\n\r\n\t\t<\/div>\r\n\t<\/div>\r\n<div class=\"w-separator size_small\"><\/div><div class=\"w-iconbox iconpos_left style_default color_light align_left no_title\"><div class=\"w-iconbox-icon\" style=\"font-size:30px;\"><i class=\"material-icons\">place<\/i><\/div><div class=\"w-iconbox-meta\"><div class=\"w-iconbox-text\"><p>Via Enrico Fermi, 20, 20090<br \/>\nTrezzano sul Naviglio, Milano, Italy<\/p>\n<\/div><\/div><\/div><div class=\"w-separator size_small\"><\/div><div class=\"w-iconbox iconpos_left style_default color_light align_left no_title\"><a class=\"w-iconbox-link\" href=\"#\" aria-hidden=\"true\"><div class=\"w-iconbox-icon\" style=\"font-size:30px;\"><i class=\"material-icons\">alternate_email<\/i><\/div><\/a><div class=\"w-iconbox-meta\"><div class=\"w-iconbox-text\"><p><a href=\"mailto:info@tecnomatic-automations.eu\">info@tecnomatic-automations.eu<\/a><\/p>\n<\/div><\/div><\/div><div class=\"w-separator size_small\"><\/div><div class=\"w-iconbox iconpos_left style_default color_light align_left no_title\"><div class=\"w-iconbox-icon\" style=\"font-size:30px;\"><i class=\"material-icons\">phone<\/i><\/div><div class=\"w-iconbox-meta\"><div class=\"w-iconbox-text\"><p><a href=\"tel:+390248463547\">+39 02 48463547<\/a><\/p>\n<\/div><\/div><\/div><div class=\"w-separator size_medium\"><\/div>\r\n\t<div class=\"wpb_text_column  sottotitolo-sezione\">\r\n\t\t<div class=\"wpb_wrapper\">\r\n\t\t\t<h5><strong>S\u00edguenos en las Redes Sociales<\/strong><\/h5>\n\r\n\t\t<\/div>\r\n\t<\/div>\r\n<div class=\"w-separator size_small\"><\/div><div class=\"w-socials social-contatti style_solid hover_fade color_text shape_circle align_left\"><div class=\"w-socials-list\" style=\"font-size:20px;margin:-0.1em;\"><div class=\"w-socials-item facebook\" style=\"padding:0.1em;\"><a class=\"w-socials-item-link\" rel=\"noopener nofollow\" target=\"_blank\" href=\"#\" title=\"Facebook\" aria-label=\"Facebook\"><span class=\"w-socials-item-link-hover\"><\/span><\/a><div class=\"w-socials-item-popup\"><span>Facebook<\/span><\/div><\/div><div class=\"w-socials-item linkedin\" style=\"padding:0.1em;\"><a class=\"w-socials-item-link\" rel=\"noopener nofollow\" target=\"_blank\" href=\"#\" title=\"LinkedIn\" aria-label=\"LinkedIn\"><span class=\"w-socials-item-link-hover\"><\/span><\/a><div class=\"w-socials-item-popup\"><span>LinkedIn<\/span><\/div><\/div><div class=\"w-socials-item youtube\" style=\"padding:0.1em;\"><a class=\"w-socials-item-link\" rel=\"noopener nofollow\" target=\"_blank\" href=\"#\" title=\"YouTube\" aria-label=\"YouTube\"><span class=\"w-socials-item-link-hover\"><\/span><\/a><div class=\"w-socials-item-popup\"><span>YouTube<\/span><\/div><\/div><\/div><\/div><div class=\"w-separator size_large\"><\/div><\/div><\/div><\/div><div class=\"vc_col-sm-6 wpb_column vc_column_container animate_afc\"><div class=\"vc_column-inner\"><div class=\"wpb_wrapper\">\r\n\t<div class=\"wpb_text_column  sottotitolo-sezione\">\r\n\t\t<div class=\"wpb_wrapper\">\r\n\t\t\t<h5><strong>Solicitud de Activaci\u00f3n<\/strong><\/h5>\n\r\n\t\t<\/div>\r\n\t<\/div>\r\n<div class=\"w-separator size_small\"><\/div>\n<div class=\"wpcf7 no-js\" id=\"wpcf7-f26487-o1\" lang=\"it-IT\" dir=\"ltr\">\n<div class=\"screen-reader-response\"><p role=\"status\" aria-live=\"polite\" aria-atomic=\"true\"><\/p> <ul><\/ul><\/div>\n<form action=\"\/es\/wp-json\/wp\/v2\/pages\/26436#wpcf7-f26487-o1\" method=\"post\" class=\"wpcf7-form init wpcf7-acceptance-as-validation\" aria-label=\"Modulo di contatto\" novalidate=\"novalidate\" data-status=\"init\">\n<div style=\"display: none;\">\n<input type=\"hidden\" name=\"_wpcf7\" value=\"26487\" \/>\n<input type=\"hidden\" name=\"_wpcf7_version\" value=\"5.8.7\" \/>\n<input type=\"hidden\" name=\"_wpcf7_locale\" value=\"it_IT\" \/>\n<input type=\"hidden\" name=\"_wpcf7_unit_tag\" value=\"wpcf7-f26487-o1\" \/>\n<input type=\"hidden\" name=\"_wpcf7_container_post\" value=\"0\" \/>\n<input type=\"hidden\" name=\"_wpcf7_posted_data_hash\" value=\"\" \/>\n<input type=\"hidden\" name=\"_wpcf7_recaptcha_response\" value=\"\" \/>\n<\/div>\n<div class=\"column one-half\">\n\t<p><label>Nombre y Apellidos*<\/label><span class=\"wpcf7-form-control-wrap\" data-name=\"Nome\"><input size=\"40\" class=\"wpcf7-form-control wpcf7-text wpcf7-validates-as-required\" aria-required=\"true\" aria-invalid=\"false\" placeholder=\"Mario Rossi\" value=\"\" type=\"text\" name=\"Nome\" \/><\/span>\n\t<\/p>\n<\/div>\n<div class=\"column one-half-2\">\n\t<p><label>Empresa<\/label><span class=\"wpcf7-form-control-wrap\" data-name=\"Azienda\"><input size=\"40\" class=\"wpcf7-form-control wpcf7-text\" aria-invalid=\"false\" placeholder=\"Rossi spa\" value=\"\" type=\"text\" name=\"Azienda\" \/><\/span>\n\t<\/p>\n<\/div>\n<div class=\"column one-half\">\n\t<p><label>Correo Electr\u00f3nico*<\/label><span class=\"wpcf7-form-control-wrap\" data-name=\"Email\"><input size=\"40\" class=\"wpcf7-form-control wpcf7-email wpcf7-validates-as-required wpcf7-text wpcf7-validates-as-email\" aria-required=\"true\" aria-invalid=\"false\" placeholder=\"mario.rossi@email.it\" value=\"\" type=\"email\" name=\"Email\" \/><\/span>\n\t<\/p>\n<\/div>\n<div class=\"column one-half-2\">\n\t<p><label>Tel\u00e9fono<\/label><span class=\"wpcf7-form-control-wrap\" data-name=\"Telefono\"><input size=\"40\" class=\"wpcf7-form-control wpcf7-tel wpcf7-text wpcf7-validates-as-tel\" aria-invalid=\"false\" placeholder=\"325 7294036\" value=\"\" type=\"tel\" name=\"Telefono\" \/><\/span>\n\t<\/p>\n<\/div>\n<div class=\"column one intera\">\n\t<p><label>Mensaje*<\/label><span class=\"wpcf7-form-control-wrap\" data-name=\"Messaggio\"><textarea cols=\"40\" rows=\"10\" class=\"wpcf7-form-control wpcf7-textarea wpcf7-validates-as-required\" aria-required=\"true\" aria-invalid=\"false\" placeholder=\"Me gustaria solicitar informacion...\" name=\"Messaggio\"><\/textarea><\/span>\n\t<\/p>\n<\/div>\n<div class=\"column one intera\">\n\t<p><span class=\"wpcf7-form-control-wrap\" data-name=\"AccettazionePrivacy\"><span class=\"wpcf7-form-control wpcf7-acceptance\"><span class=\"wpcf7-list-item\"><label><input type=\"checkbox\" name=\"AccettazionePrivacy\" value=\"1\" aria-invalid=\"false\" \/><span class=\"wpcf7-list-item-label\">CONSENT TO PERSONAL DATA PROCESSING<\/span><\/label><\/span><\/span><\/span>\n\t<\/p>\n<\/div>\n<div class=\"column one intera privacy\">\n\t<p>Dear Saronni S.r.l.,<br \/>\nI carefully read the <a href=\"\/es\/privacy-policy\/\" target=\"_blank\">information<\/a> provided, and I understood the characteristics of the related data processing; thus, I give you my free, specific, informed and unequivocal consent to process such personal data for the purposes listed in the information provided, in particular: to follow up my request of being contacted to receive further information on your services.\n\t<\/p>\n<\/div>\n<div class=\"column one intera\">\n<\/div>\n<div class=\"column one intera\">\n\t<p><input class=\"wpcf7-form-control wpcf7-submit has-spinner button_full_width\" type=\"submit\" value=\"Enviar Consulta\" \/>\n\t<\/p>\n<\/div><div class=\"wpcf7-response-output\" aria-hidden=\"true\"><\/div>\n<\/form>\n<\/div>\n<div class=\"w-separator size_large\"><\/div><\/div><\/div><\/div><\/div><\/div><\/section>\n","protected":false},"excerpt":{"rendered":"Registrarse [vc_custom_heading text=\"\u00c1rea Reservada\" font_container=\"tag:h3|font_size:2.8rem|text_align:center\" use_theme_fonts=\"yes\" el_class=\"titolo-sezione\"] Ponte en contacto con nosotros y procederemos a activar tu \u00e1rea reservada para el intercambio de contenidos multimedia. Datos de la Empresa placeVia Enrico Fermi, 20, 20090 Trezzano sul Naviglio, Milano, Italy alternate_emailinfo@tecnomatic-automations.eu phone+39 02 48463547 S\u00edguenos en las Redes Sociales FacebookLinkedInYouTube Solicitud de Activaci\u00f3n Nombre y Apellidos*...","protected":false},"author":1,"featured_media":0,"parent":0,"menu_order":0,"comment_status":"closed","ping_status":"closed","template":"","meta":{"inline_featured_image":false},"yoast_head":"<!-- This site is optimized with the Yoast SEO plugin v21.8.1 - https:\/\/yoast.com\/wordpress\/plugins\/seo\/ -->\n<title>\u00c1rea Reservada - Tecnomatic S.r.l.<\/title>\n<meta name=\"robots\" content=\"index, follow, max-snippet:-1, max-image-preview:large, max-video-preview:-1\" \/>\n<link rel=\"canonical\" href=\"https:\/\/tecnomatic-automations.eu\/es\/area-reservada\/\" \/>\n<meta property=\"og:locale\" content=\"es_ES\" \/>\n<meta property=\"og:type\" content=\"article\" \/>\n<meta property=\"og:title\" content=\"\u00c1rea Reservada - Tecnomatic S.r.l.\" \/>\n<meta property=\"og:url\" content=\"https:\/\/tecnomatic-automations.eu\/es\/area-reservada\/\" \/>\n<meta property=\"og:site_name\" content=\"Tecnomatic S.r.l.\" \/>\n<meta property=\"article:modified_time\" content=\"2020-11-02T20:20:42+00:00\" \/>\n<meta name=\"twitter:card\" content=\"summary_large_image\" \/>\n<meta name=\"twitter:label1\" content=\"Tiempo de lectura\" \/>\n\t<meta name=\"twitter:data1\" content=\"2 minutos\" \/>\n<script type=\"application\/ld+json\" class=\"yoast-schema-graph\">{\"@context\":\"https:\/\/schema.org\",\"@graph\":[{\"@type\":\"WebPage\",\"@id\":\"https:\/\/tecnomatic-automations.eu\/es\/area-reservada\/\",\"url\":\"https:\/\/tecnomatic-automations.eu\/es\/area-reservada\/\",\"name\":\"\u00c1rea Reservada - Tecnomatic S.r.l.\",\"isPartOf\":{\"@id\":\"https:\/\/tecnomatic-automations.eu\/es\/#website\"},\"datePublished\":\"2020-06-05T08:41:43+00:00\",\"dateModified\":\"2020-11-02T20:20:42+00:00\",\"breadcrumb\":{\"@id\":\"https:\/\/tecnomatic-automations.eu\/es\/area-reservada\/#breadcrumb\"},\"inLanguage\":\"es\",\"potentialAction\":[{\"@type\":\"ReadAction\",\"target\":[\"https:\/\/tecnomatic-automations.eu\/es\/area-reservada\/\"]}]},{\"@type\":\"BreadcrumbList\",\"@id\":\"https:\/\/tecnomatic-automations.eu\/es\/area-reservada\/#breadcrumb\",\"itemListElement\":[{\"@type\":\"ListItem\",\"position\":1,\"name\":\"Home\",\"item\":\"https:\/\/tecnomatic-automations.eu\/es\/\"},{\"@type\":\"ListItem\",\"position\":2,\"name\":\"\u00c1rea Reservada\"}]},{\"@type\":\"WebSite\",\"@id\":\"https:\/\/tecnomatic-automations.eu\/es\/#website\",\"url\":\"https:\/\/tecnomatic-automations.eu\/es\/\",\"name\":\"Tecnomatic S.r.l.\",\"description\":\"Dise\u00f1o y Producci\u00f3n de Sistemas de Alimentaci\u00f3n y Automatizaci\u00f3n para Prensas\",\"potentialAction\":[{\"@type\":\"SearchAction\",\"target\":{\"@type\":\"EntryPoint\",\"urlTemplate\":\"https:\/\/tecnomatic-automations.eu\/es\/?s={search_term_string}\"},\"query-input\":\"required name=search_term_string\"}],\"inLanguage\":\"es\"}]}<\/script>\n<!-- \/ Yoast SEO plugin. -->","yoast_head_json":{"title":"\u00c1rea Reservada - Tecnomatic S.r.l.","robots":{"index":"index","follow":"follow","max-snippet":"max-snippet:-1","max-image-preview":"max-image-preview:large","max-video-preview":"max-video-preview:-1"},"canonical":"https:\/\/tecnomatic-automations.eu\/es\/area-reservada\/","og_locale":"es_ES","og_type":"article","og_title":"\u00c1rea Reservada - Tecnomatic S.r.l.","og_url":"https:\/\/tecnomatic-automations.eu\/es\/area-reservada\/","og_site_name":"Tecnomatic S.r.l.","article_modified_time":"2020-11-02T20:20:42+00:00","twitter_card":"summary_large_image","twitter_misc":{"Tiempo de lectura":"2 minutos"},"schema":{"@context":"https:\/\/schema.org","@graph":[{"@type":"WebPage","@id":"https:\/\/tecnomatic-automations.eu\/es\/area-reservada\/","url":"https:\/\/tecnomatic-automations.eu\/es\/area-reservada\/","name":"\u00c1rea Reservada - Tecnomatic S.r.l.","isPartOf":{"@id":"https:\/\/tecnomatic-automations.eu\/es\/#website"},"datePublished":"2020-06-05T08:41:43+00:00","dateModified":"2020-11-02T20:20:42+00:00","breadcrumb":{"@id":"https:\/\/tecnomatic-automations.eu\/es\/area-reservada\/#breadcrumb"},"inLanguage":"es","potentialAction":[{"@type":"ReadAction","target":["https:\/\/tecnomatic-automations.eu\/es\/area-reservada\/"]}]},{"@type":"BreadcrumbList","@id":"https:\/\/tecnomatic-automations.eu\/es\/area-reservada\/#breadcrumb","itemListElement":[{"@type":"ListItem","position":1,"name":"Home","item":"https:\/\/tecnomatic-automations.eu\/es\/"},{"@type":"ListItem","position":2,"name":"\u00c1rea Reservada"}]},{"@type":"WebSite","@id":"https:\/\/tecnomatic-automations.eu\/es\/#website","url":"https:\/\/tecnomatic-automations.eu\/es\/","name":"Tecnomatic S.r.l.","description":"Dise\u00f1o y Producci\u00f3n de Sistemas de Alimentaci\u00f3n y Automatizaci\u00f3n para Prensas","potentialAction":[{"@type":"SearchAction","target":{"@type":"EntryPoint","urlTemplate":"https:\/\/tecnomatic-automations.eu\/es\/?s={search_term_string}"},"query-input":"required name=search_term_string"}],"inLanguage":"es"}]}},"_links":{"self":[{"href":"https:\/\/tecnomatic-automations.eu\/es\/wp-json\/wp\/v2\/pages\/26436"}],"collection":[{"href":"https:\/\/tecnomatic-automations.eu\/es\/wp-json\/wp\/v2\/pages"}],"about":[{"href":"https:\/\/tecnomatic-automations.eu\/es\/wp-json\/wp\/v2\/types\/page"}],"author":[{"embeddable":true,"href":"https:\/\/tecnomatic-automations.eu\/es\/wp-json\/wp\/v2\/users\/1"}],"replies":[{"embeddable":true,"href":"https:\/\/tecnomatic-automations.eu\/es\/wp-json\/wp\/v2\/comments?post=26436"}],"version-history":[{"count":4,"href":"https:\/\/tecnomatic-automations.eu\/es\/wp-json\/wp\/v2\/pages\/26436\/revisions"}],"predecessor-version":[{"id":26793,"href":"https:\/\/tecnomatic-automations.eu\/es\/wp-json\/wp\/v2\/pages\/26436\/revisions\/26793"}],"wp:attachment":[{"href":"https:\/\/tecnomatic-automations.eu\/es\/wp-json\/wp\/v2\/media?parent=26436"}],"curies":[{"name":"wp","href":"https:\/\/api.w.org\/{rel}","templated":true}]}}