{"id":26434,"date":"2020-06-05T10:40:12","date_gmt":"2020-06-05T08:40:12","guid":{"rendered":"http:\/\/tecnomatic-automations.eu\/trabaja-con-nosotros\/"},"modified":"2026-03-18T12:54:47","modified_gmt":"2026-03-18T10:54:47","slug":"trabaja-con-nosotros","status":"publish","type":"page","link":"https:\/\/tecnomatic-automations.eu\/es\/trabaja-con-nosotros\/","title":{"rendered":"Trabaja con nosotros"},"content":{"rendered":"<section class=\"l-section wpb_row height_large\"><div class=\"l-section-h i-cf\"><div class=\"g-cols vc_row type_default valign_top\"><div class=\"vc_col-sm-12 wpb_column vc_column_container animate_afc\"><div class=\"vc_column-inner\"><div class=\"wpb_wrapper\">\r\n\t<div class=\"wpb_text_column  sottotitolo-sezione\">\r\n\t\t<div class=\"wpb_wrapper\">\r\n\t\t\t<h6 style=\"text-align: center;\">\n            <strong>Autoaplicaci\u00f3n<\/strong><br \/>\n          <\/h6>\n\r\n\t\t<\/div>\r\n\t<\/div>\r\n<div class=\"w-separator size_custom separatore-colore with_line width_30 thick_3 style_dotted color_custom align_center\" style=\"height:45px;border-color:#fb8002;color:#fb8002;\"><div class=\"w-separator-h\"><\/div><\/div>[vc_custom_heading text=&#8221;Trabaja con nosotros&#8221; font_container=&#8221;tag:h3|font_size:2.8rem|text_align:center&#8221; use_theme_fonts=&#8221;yes&#8221; el_class=&#8221;titolo-sezione&#8221;]\r\n\t<div class=\"wpb_text_column \">\r\n\t\t<div class=\"wpb_wrapper\">\r\n\t\t\t<p style=\"text-align: center;\">En Saronni, buscamos personas que compartan nuestro entusiasmo por la innovaci\u00f3n tecnol\u00f3gica, que tengan inter\u00e9s en entrar en un entorno estimulante y con excelentes oportunidades de crecimiento.<br \/>Hoy en d\u00eda, trabajar con nosotros significa ser capaz de desarrollar el propio potencial, formando parte de un equipo fuertemente motivado para afrontar las cada vez m\u00e1s exigentes demandas del mercado global.<\/p>\n<p style=\"text-align: center;\">\n            <strong>Si te reconoces en estos valores, te invitamos a enviarnos tu CV usando el formulario correspondiente que aparece a continuaci\u00f3n.<\/strong><\/p>\n\r\n\t\t<\/div>\r\n\t<\/div>\r\n<\/div><\/div><\/div><\/div><\/div><\/section><section class=\"l-section wpb_row height_auto\"><div class=\"l-section-h i-cf\"><div class=\"g-cols vc_row type_default valign_middle\"><div class=\"vc_col-sm-6 wpb_column vc_column_container animate_afc\"><div class=\"vc_column-inner\"><div class=\"wpb_wrapper\"><div class=\"w-image align_none\"><div class=\"w-image-h\"><img width=\"1920\" height=\"1301\" src=\"https:\/\/tecnomatic-automations.eu\/wp-content\/uploads\/autocandidatura.jpg\" class=\"attachment-full size-full\" alt=\"\" decoding=\"async\" loading=\"lazy\" srcset=\"https:\/\/tecnomatic-automations.eu\/wp-content\/uploads\/autocandidatura.jpg 1920w, https:\/\/tecnomatic-automations.eu\/wp-content\/uploads\/autocandidatura-300x203.jpg 300w, https:\/\/tecnomatic-automations.eu\/wp-content\/uploads\/autocandidatura-1024x694.jpg 1024w, https:\/\/tecnomatic-automations.eu\/wp-content\/uploads\/autocandidatura-1536x1041.jpg 1536w\" sizes=\"(max-width: 1920px) 100vw, 1920px\" \/><\/div><\/div><\/div><\/div><\/div><div class=\"vc_col-sm-6 wpb_column vc_column_container animate_afc\"><div class=\"vc_column-inner\"><div class=\"wpb_wrapper\">\r\n\t<div class=\"wpb_text_column  sottotitolo-sezione\">\r\n\t\t<div class=\"wpb_wrapper\">\r\n\t\t\t<h5>\n            <strong>Enviar solicitud<\/strong><br \/>\n          <\/h5>\n\r\n\t\t<\/div>\r\n\t<\/div>\r\n<div class=\"w-separator size_small\"><\/div>\n<div class=\"wpcf7 no-js\" id=\"wpcf7-f25032-o1\" lang=\"it-IT\" dir=\"ltr\">\n<div class=\"screen-reader-response\"><p role=\"status\" aria-live=\"polite\" aria-atomic=\"true\"><\/p> <ul><\/ul><\/div>\n<form action=\"\/es\/wp-json\/wp\/v2\/pages\/26434#wpcf7-f25032-o1\" method=\"post\" class=\"wpcf7-form init wpcf7-acceptance-as-validation\" aria-label=\"Modulo di contatto\" enctype=\"multipart\/form-data\" novalidate=\"novalidate\" data-status=\"init\">\n<div style=\"display: none;\">\n<input type=\"hidden\" name=\"_wpcf7\" value=\"25032\" \/>\n<input type=\"hidden\" name=\"_wpcf7_version\" value=\"5.8.7\" \/>\n<input type=\"hidden\" name=\"_wpcf7_locale\" value=\"it_IT\" \/>\n<input type=\"hidden\" name=\"_wpcf7_unit_tag\" value=\"wpcf7-f25032-o1\" \/>\n<input type=\"hidden\" name=\"_wpcf7_container_post\" value=\"0\" \/>\n<input type=\"hidden\" name=\"_wpcf7_posted_data_hash\" value=\"\" \/>\n<input type=\"hidden\" name=\"_wpcf7_recaptcha_response\" value=\"\" \/>\n<\/div>\n<div class=\"column one intera\">\n\t<p><span class=\"wpcf7-form-control-wrap\" data-name=\"NomeCognome\"><input size=\"40\" class=\"wpcf7-form-control wpcf7-text wpcf7-validates-as-required\" aria-required=\"true\" aria-invalid=\"false\" placeholder=\"Nome e Cognome*\" value=\"\" type=\"text\" name=\"NomeCognome\" \/><\/span>\n\t<\/p>\n<\/div>\n<div class=\"column one-half\">\n\t<p><span class=\"wpcf7-form-control-wrap\" data-name=\"Email\"><input size=\"40\" class=\"wpcf7-form-control wpcf7-email wpcf7-validates-as-required wpcf7-text wpcf7-validates-as-email\" aria-required=\"true\" aria-invalid=\"false\" placeholder=\"Email*\" value=\"\" type=\"email\" name=\"Email\" \/><\/span>\n\t<\/p>\n<\/div>\n<div class=\"column one-half-2\">\n\t<p><span class=\"wpcf7-form-control-wrap\" data-name=\"Telefono\"><input size=\"40\" class=\"wpcf7-form-control wpcf7-tel wpcf7-validates-as-required wpcf7-text wpcf7-validates-as-tel\" aria-required=\"true\" aria-invalid=\"false\" placeholder=\"Telefono*\" value=\"\" type=\"tel\" name=\"Telefono\" \/><\/span>\n\t<\/p>\n<\/div>\n<div class=\"column one intera cv\">\n\t<p><label> Carica il tuo CV* (Limite max. 3MB) <span class=\"wpcf7-form-control-wrap\" data-name=\"Curriculum\"><input size=\"40\" class=\"wpcf7-form-control wpcf7-file wpcf7-validates-as-required\" accept=\".gif,.png,.jpg,.jpeg,.pdf,.doc,.docx\" aria-required=\"true\" aria-invalid=\"false\" type=\"file\" name=\"Curriculum\" \/><\/span><\/label>\n\t<\/p>\n<\/div>\n<div class=\"column one intera\">\n\t<p><span class=\"wpcf7-form-control-wrap\" data-name=\"AccettazionePrivacy\"><span class=\"wpcf7-form-control wpcf7-acceptance\"><span class=\"wpcf7-list-item\"><label><input type=\"checkbox\" name=\"AccettazionePrivacy\" value=\"1\" aria-invalid=\"false\" \/><span class=\"wpcf7-list-item-label\">CONSENSO AL TRATTAMENTO DEI DATI PERSONALI<\/span><\/label><\/span><\/span><\/span>\n\t<\/p>\n<\/div>\n<div class=\"column one intera privacy\">\n\t<p>Spett.Le Saronni S.r.l.,<br \/>\ndopo aver letto attentamente l'<a href=\"\/privacy-policy\/\" target=\"_blank\">informativa<\/a>, ed avere compreso le caratteristiche del trattamento dei miei dati personali che porrete in essere, Vi conferisco libero, specifico, informato ed inequivocabile consenso al trattamento di tali dati personali per le finalit\u00e0 indicate nella suddetta informativa, ovvero per essere ricontattato ai fini di ricevere maggiori informazioni sui vostri servizi.\n\t<\/p>\n<\/div>\n<div class=\"column one intera\">\n<\/div>\n<div class=\"column one intera\">\n\t<p><input class=\"wpcf7-form-control wpcf7-submit has-spinner button_full_width\" type=\"submit\" value=\"Invia Candidatura\" \/>\n\t<\/p>\n<\/div><div class=\"wpcf7-response-output\" aria-hidden=\"true\"><\/div>\n<\/form>\n<\/div>\n<\/div><\/div><\/div><\/div><\/div><\/section><section class=\"l-section wpb_row height_small\"><div class=\"l-section-h i-cf\"><div class=\"g-cols vc_row type_default valign_top\"><div class=\"vc_col-sm-12 wpb_column vc_column_container\"><div class=\"vc_column-inner\"><div class=\"wpb_wrapper\"><\/div><\/div><\/div><\/div><\/div><\/section>\n","protected":false},"excerpt":{"rendered":"Autoaplicaci\u00f3n [vc_custom_heading text=\"Trabaja con nosotros\" font_container=\"tag:h3|font_size:2.8rem|text_align:center\" use_theme_fonts=\"yes\" el_class=\"titolo-sezione\"] En Saronni, buscamos personas que compartan nuestro entusiasmo por la innovaci\u00f3n tecnol\u00f3gica, que tengan inter\u00e9s en entrar en un entorno estimulante y con excelentes oportunidades de crecimiento.Hoy en d\u00eda, trabajar con nosotros significa ser capaz de desarrollar el propio potencial, formando parte de un equipo fuertemente motivado...","protected":false},"author":1,"featured_media":0,"parent":0,"menu_order":0,"comment_status":"closed","ping_status":"closed","template":"","meta":{"inline_featured_image":false},"yoast_head":"<!-- This site is optimized with the Yoast SEO plugin v21.8.1 - https:\/\/yoast.com\/wordpress\/plugins\/seo\/ -->\n<title>Trabaja con nosotros - Tecnomatic S.r.l.<\/title>\n<meta name=\"robots\" content=\"index, follow, max-snippet:-1, max-image-preview:large, max-video-preview:-1\" \/>\n<link rel=\"canonical\" href=\"https:\/\/tecnomatic-automations.eu\/es\/trabaja-con-nosotros\/\" \/>\n<meta property=\"og:locale\" content=\"es_ES\" \/>\n<meta property=\"og:type\" content=\"article\" \/>\n<meta property=\"og:title\" content=\"Trabaja con nosotros - Tecnomatic S.r.l.\" \/>\n<meta property=\"og:url\" content=\"https:\/\/tecnomatic-automations.eu\/es\/trabaja-con-nosotros\/\" \/>\n<meta property=\"og:site_name\" content=\"Tecnomatic S.r.l.\" \/>\n<meta property=\"article:modified_time\" content=\"2026-03-18T10:54:47+00:00\" \/>\n<meta name=\"twitter:card\" content=\"summary_large_image\" \/>\n<meta name=\"twitter:label1\" content=\"Tiempo de lectura\" \/>\n\t<meta name=\"twitter:data1\" content=\"1 minuto\" \/>\n<script type=\"application\/ld+json\" class=\"yoast-schema-graph\">{\"@context\":\"https:\/\/schema.org\",\"@graph\":[{\"@type\":\"WebPage\",\"@id\":\"https:\/\/tecnomatic-automations.eu\/es\/trabaja-con-nosotros\/\",\"url\":\"https:\/\/tecnomatic-automations.eu\/es\/trabaja-con-nosotros\/\",\"name\":\"Trabaja con nosotros - Tecnomatic S.r.l.\",\"isPartOf\":{\"@id\":\"https:\/\/tecnomatic-automations.eu\/es\/#website\"},\"datePublished\":\"2020-06-05T08:40:12+00:00\",\"dateModified\":\"2026-03-18T10:54:47+00:00\",\"breadcrumb\":{\"@id\":\"https:\/\/tecnomatic-automations.eu\/es\/trabaja-con-nosotros\/#breadcrumb\"},\"inLanguage\":\"es\",\"potentialAction\":[{\"@type\":\"ReadAction\",\"target\":[\"https:\/\/tecnomatic-automations.eu\/es\/trabaja-con-nosotros\/\"]}]},{\"@type\":\"BreadcrumbList\",\"@id\":\"https:\/\/tecnomatic-automations.eu\/es\/trabaja-con-nosotros\/#breadcrumb\",\"itemListElement\":[{\"@type\":\"ListItem\",\"position\":1,\"name\":\"Home\",\"item\":\"https:\/\/tecnomatic-automations.eu\/es\/\"},{\"@type\":\"ListItem\",\"position\":2,\"name\":\"Trabaja con nosotros\"}]},{\"@type\":\"WebSite\",\"@id\":\"https:\/\/tecnomatic-automations.eu\/es\/#website\",\"url\":\"https:\/\/tecnomatic-automations.eu\/es\/\",\"name\":\"Tecnomatic S.r.l.\",\"description\":\"Dise\u00f1o y Producci\u00f3n de Sistemas de Alimentaci\u00f3n y Automatizaci\u00f3n para Prensas\",\"potentialAction\":[{\"@type\":\"SearchAction\",\"target\":{\"@type\":\"EntryPoint\",\"urlTemplate\":\"https:\/\/tecnomatic-automations.eu\/es\/?s={search_term_string}\"},\"query-input\":\"required name=search_term_string\"}],\"inLanguage\":\"es\"}]}<\/script>\n<!-- \/ Yoast SEO plugin. -->","yoast_head_json":{"title":"Trabaja con nosotros - Tecnomatic S.r.l.","robots":{"index":"index","follow":"follow","max-snippet":"max-snippet:-1","max-image-preview":"max-image-preview:large","max-video-preview":"max-video-preview:-1"},"canonical":"https:\/\/tecnomatic-automations.eu\/es\/trabaja-con-nosotros\/","og_locale":"es_ES","og_type":"article","og_title":"Trabaja con nosotros - Tecnomatic S.r.l.","og_url":"https:\/\/tecnomatic-automations.eu\/es\/trabaja-con-nosotros\/","og_site_name":"Tecnomatic S.r.l.","article_modified_time":"2026-03-18T10:54:47+00:00","twitter_card":"summary_large_image","twitter_misc":{"Tiempo de lectura":"1 minuto"},"schema":{"@context":"https:\/\/schema.org","@graph":[{"@type":"WebPage","@id":"https:\/\/tecnomatic-automations.eu\/es\/trabaja-con-nosotros\/","url":"https:\/\/tecnomatic-automations.eu\/es\/trabaja-con-nosotros\/","name":"Trabaja con nosotros - Tecnomatic S.r.l.","isPartOf":{"@id":"https:\/\/tecnomatic-automations.eu\/es\/#website"},"datePublished":"2020-06-05T08:40:12+00:00","dateModified":"2026-03-18T10:54:47+00:00","breadcrumb":{"@id":"https:\/\/tecnomatic-automations.eu\/es\/trabaja-con-nosotros\/#breadcrumb"},"inLanguage":"es","potentialAction":[{"@type":"ReadAction","target":["https:\/\/tecnomatic-automations.eu\/es\/trabaja-con-nosotros\/"]}]},{"@type":"BreadcrumbList","@id":"https:\/\/tecnomatic-automations.eu\/es\/trabaja-con-nosotros\/#breadcrumb","itemListElement":[{"@type":"ListItem","position":1,"name":"Home","item":"https:\/\/tecnomatic-automations.eu\/es\/"},{"@type":"ListItem","position":2,"name":"Trabaja con nosotros"}]},{"@type":"WebSite","@id":"https:\/\/tecnomatic-automations.eu\/es\/#website","url":"https:\/\/tecnomatic-automations.eu\/es\/","name":"Tecnomatic S.r.l.","description":"Dise\u00f1o y Producci\u00f3n de Sistemas de Alimentaci\u00f3n y Automatizaci\u00f3n para Prensas","potentialAction":[{"@type":"SearchAction","target":{"@type":"EntryPoint","urlTemplate":"https:\/\/tecnomatic-automations.eu\/es\/?s={search_term_string}"},"query-input":"required name=search_term_string"}],"inLanguage":"es"}]}},"_links":{"self":[{"href":"https:\/\/tecnomatic-automations.eu\/es\/wp-json\/wp\/v2\/pages\/26434"}],"collection":[{"href":"https:\/\/tecnomatic-automations.eu\/es\/wp-json\/wp\/v2\/pages"}],"about":[{"href":"https:\/\/tecnomatic-automations.eu\/es\/wp-json\/wp\/v2\/types\/page"}],"author":[{"embeddable":true,"href":"https:\/\/tecnomatic-automations.eu\/es\/wp-json\/wp\/v2\/users\/1"}],"replies":[{"embeddable":true,"href":"https:\/\/tecnomatic-automations.eu\/es\/wp-json\/wp\/v2\/comments?post=26434"}],"version-history":[{"count":9,"href":"https:\/\/tecnomatic-automations.eu\/es\/wp-json\/wp\/v2\/pages\/26434\/revisions"}],"predecessor-version":[{"id":26882,"href":"https:\/\/tecnomatic-automations.eu\/es\/wp-json\/wp\/v2\/pages\/26434\/revisions\/26882"}],"wp:attachment":[{"href":"https:\/\/tecnomatic-automations.eu\/es\/wp-json\/wp\/v2\/media?parent=26434"}],"curies":[{"name":"wp","href":"https:\/\/api.w.org\/{rel}","templated":true}]}}