{"id":26427,"date":"2020-06-05T10:27:13","date_gmt":"2020-06-05T08:27:13","guid":{"rendered":"http:\/\/tecnomatic-automations.eu\/servicios-de-asistencia\/"},"modified":"2020-06-05T10:27:13","modified_gmt":"2020-06-05T08:27:13","slug":"servicios-de-asistencia","status":"publish","type":"page","link":"https:\/\/tecnomatic-automations.eu\/es\/servicios-de-asistencia\/","title":{"rendered":"Servicios de Asistencia"},"content":{"rendered":"<section class=\"l-section wpb_row height_large\"><div class=\"l-section-h i-cf\"><div class=\"g-cols vc_row type_default valign_middle\"><div class=\"vc_col-sm-12 wpb_column vc_column_container animate_afc\"><div class=\"vc_column-inner\"><div class=\"wpb_wrapper\">\r\n\t<div class=\"wpb_text_column  sottotitolo-sezione\">\r\n\t\t<div class=\"wpb_wrapper\">\r\n\t\t\t<h6 style=\"text-align: center;\"><strong>Nuestro Servicio de Atenci\u00f3n al Cliente<\/strong><\/h6>\n\r\n\t\t<\/div>\r\n\t<\/div>\r\n<div class=\"w-separator size_custom separatore-colore with_line width_30 thick_3 style_dotted color_custom align_center\" style=\"height:45px;border-color:#fb8002;color:#fb8002;\"><div class=\"w-separator-h\"><\/div><\/div>[vc_custom_heading text=&#8221;Servicios de Asistencia&#8221; font_container=&#8221;tag:h3|font_size:2.8rem|text_align:center&#8221; use_theme_fonts=&#8221;yes&#8221; el_class=&#8221;titolo-sezione&#8221;]\r\n\t<div class=\"wpb_text_column \">\r\n\t\t<div class=\"wpb_wrapper\">\r\n\t\t\t<p style=\"text-align: center;\">Defendemos que el servicio posventa es un elemento fundamental en la oferta a nuestros clientes.  Gracias a nuestro departamento dedicado, ofrecemos servicios programados de mantenimiento, reparaci\u00f3n y revisi\u00f3n en todas nuestras m\u00e1quinas con los correspondientes repuestos.<\/p>\n\r\n\t\t<\/div>\r\n\t<\/div>\r\n<div class=\"w-separator us_separator_1 size_custom\" style=\"height:70px;\"><style>@media(max-width:767px){.us_separator_1{height:30px!important}}@media(max-width:600px){.us_separator_1{height:10px!important}}<\/style><\/div><\/div><\/div><\/div><div class=\"vc_col-sm-6 wpb_column vc_column_container\"><div class=\"vc_column-inner\"><div class=\"wpb_wrapper\"><div class=\"w-image align_none\"><div class=\"w-image-h\"><img width=\"1920\" height=\"850\" src=\"https:\/\/tecnomatic-automations.eu\/wp-content\/uploads\/assistenza-tecnica.jpg\" class=\"attachment-full size-full\" alt=\"\" decoding=\"async\" loading=\"lazy\" srcset=\"https:\/\/tecnomatic-automations.eu\/wp-content\/uploads\/assistenza-tecnica.jpg 1920w, https:\/\/tecnomatic-automations.eu\/wp-content\/uploads\/assistenza-tecnica-300x133.jpg 300w, https:\/\/tecnomatic-automations.eu\/wp-content\/uploads\/assistenza-tecnica-1024x453.jpg 1024w, https:\/\/tecnomatic-automations.eu\/wp-content\/uploads\/assistenza-tecnica-1536x680.jpg 1536w\" sizes=\"(max-width: 1920px) 100vw, 1920px\" \/><\/div><\/div><\/div><\/div><\/div><div class=\"vc_col-sm-6 wpb_column vc_column_container\"><div class=\"vc_column-inner\"><div class=\"wpb_wrapper\">\r\n\t<div class=\"wpb_text_column \">\r\n\t\t<div class=\"wpb_wrapper\">\r\n\t\t\t<h5><strong>Asistencia T\u00e9cnica<\/strong><\/h5>\n<p> Gracias a nuestros muchos a\u00f1os de experiencia en el sector y a nuestro equipo de t\u00e9cnicos especializados, ofrecemos intervenciones r\u00e1pidas y decisivas, en coordinaci\u00f3n con las necesidades de producci\u00f3n de los clientes.<\/p>\n\r\n\t\t<\/div>\r\n\t<\/div>\r\n<\/div><\/div><\/div><div class=\"vc_col-sm-12 wpb_column vc_column_container\"><div class=\"vc_column-inner\"><div class=\"wpb_wrapper\"><div class=\"w-separator us_separator_2 size_custom\" style=\"height:55px;\"><style>@media(max-width:767px){.us_separator_2{height:35px!important}}@media(max-width:600px){.us_separator_2{height:20px!important}}<\/style><\/div><\/div><\/div><\/div><div class=\"vc_col-sm-6 wpb_column vc_column_container\"><div class=\"vc_column-inner\"><div class=\"wpb_wrapper\">\r\n\t<div class=\"wpb_text_column \">\r\n\t\t<div class=\"wpb_wrapper\">\r\n\t\t\t<h5><strong>Servicio de Repuestos<\/strong><\/h5>\n<p>En nuestra oficina hay un almac\u00e9n de repuestos con posibilidad de env\u00edo al cliente en 24 horas.<\/p>\n\r\n\t\t<\/div>\r\n\t<\/div>\r\n<\/div><\/div><\/div><div class=\"vc_col-sm-6 wpb_column vc_column_container\"><div class=\"vc_column-inner\"><div class=\"wpb_wrapper\"><div class=\"w-image align_none\"><div class=\"w-image-h\"><img width=\"1920\" height=\"850\" src=\"https:\/\/tecnomatic-automations.eu\/wp-content\/uploads\/servizio-ricambi.jpg\" class=\"attachment-full size-full\" alt=\"\" decoding=\"async\" loading=\"lazy\" srcset=\"https:\/\/tecnomatic-automations.eu\/wp-content\/uploads\/servizio-ricambi.jpg 1920w, https:\/\/tecnomatic-automations.eu\/wp-content\/uploads\/servizio-ricambi-300x133.jpg 300w, https:\/\/tecnomatic-automations.eu\/wp-content\/uploads\/servizio-ricambi-1024x453.jpg 1024w, https:\/\/tecnomatic-automations.eu\/wp-content\/uploads\/servizio-ricambi-1536x680.jpg 1536w\" sizes=\"(max-width: 1920px) 100vw, 1920px\" \/><\/div><\/div><\/div><\/div><\/div><div class=\"vc_col-sm-12 wpb_column vc_column_container\"><div class=\"vc_column-inner\"><div class=\"wpb_wrapper\"><div class=\"w-separator us_separator_3 size_custom\" style=\"height:55px;\"><style>@media(max-width:767px){.us_separator_3{height:35px!important}}@media(max-width:600px){.us_separator_3{height:20px!important}}<\/style><\/div><\/div><\/div><\/div><div class=\"vc_col-sm-6 wpb_column vc_column_container\"><div class=\"vc_column-inner\"><div class=\"wpb_wrapper\"><div class=\"w-image align_none\"><div class=\"w-image-h\"><img width=\"1920\" height=\"850\" src=\"https:\/\/tecnomatic-automations.eu\/wp-content\/uploads\/manutenzione-programmata.jpg\" class=\"attachment-full size-full\" alt=\"\" decoding=\"async\" loading=\"lazy\" srcset=\"https:\/\/tecnomatic-automations.eu\/wp-content\/uploads\/manutenzione-programmata.jpg 1920w, https:\/\/tecnomatic-automations.eu\/wp-content\/uploads\/manutenzione-programmata-300x133.jpg 300w, https:\/\/tecnomatic-automations.eu\/wp-content\/uploads\/manutenzione-programmata-1024x453.jpg 1024w, https:\/\/tecnomatic-automations.eu\/wp-content\/uploads\/manutenzione-programmata-1536x680.jpg 1536w\" sizes=\"(max-width: 1920px) 100vw, 1920px\" \/><\/div><\/div><\/div><\/div><\/div><div class=\"vc_col-sm-6 wpb_column vc_column_container\"><div class=\"vc_column-inner\"><div class=\"wpb_wrapper\">\r\n\t<div class=\"wpb_text_column \">\r\n\t\t<div class=\"wpb_wrapper\">\r\n\t\t\t<h5><strong>Mantenimiento Programado<\/strong><\/h5>\n<p>Nuestro personal especializado garantiza el servicio de mantenimiento programado. En este servicio se realizan todas las comprobaciones de mantenimiento predictivo, a fin de minimizar las paradas de producci\u00f3n. Un gasto planificado que evita costes inesperados, por lo general muy superiores.<\/p>\n\r\n\t\t<\/div>\r\n\t<\/div>\r\n<\/div><\/div><\/div><div class=\"vc_col-sm-12 wpb_column vc_column_container\"><div class=\"vc_column-inner\"><div class=\"wpb_wrapper\"><div class=\"w-separator us_separator_4 size_custom\" style=\"height:55px;\"><style>@media(max-width:767px){.us_separator_4{height:35px!important}}@media(max-width:600px){.us_separator_4{height:20px!important}}<\/style><\/div><\/div><\/div><\/div><div class=\"vc_col-sm-6 wpb_column vc_column_container\"><div class=\"vc_column-inner\"><div class=\"wpb_wrapper\">\r\n\t<div class=\"wpb_text_column \">\r\n\t\t<div class=\"wpb_wrapper\">\r\n\t\t\t<h5><strong>Revamping<\/strong><\/h5>\n<p>La revisi\u00f3n es la mejor manera y la m\u00e1s econ\u00f3mica de dar nueva vida a la maquinaria. Ofrecemos servicios de retrofitting para todas nuestras m\u00e1quinas, de las cuales conocemos hasta el m\u00ednimo detalle; nuestros servicios, adem\u00e1s de extender su vida \u00fatil, aportan funcionalidad y seguridad.<\/p>\n\r\n\t\t<\/div>\r\n\t<\/div>\r\n<\/div><\/div><\/div><div class=\"vc_col-sm-6 wpb_column vc_column_container\"><div class=\"vc_column-inner\"><div class=\"wpb_wrapper\"><div class=\"w-image align_none\"><div class=\"w-image-h\"><img width=\"1920\" height=\"850\" src=\"https:\/\/tecnomatic-automations.eu\/wp-content\/uploads\/revamping.jpg\" class=\"attachment-full size-full\" alt=\"\" decoding=\"async\" loading=\"lazy\" srcset=\"https:\/\/tecnomatic-automations.eu\/wp-content\/uploads\/revamping.jpg 1920w, https:\/\/tecnomatic-automations.eu\/wp-content\/uploads\/revamping-300x133.jpg 300w, https:\/\/tecnomatic-automations.eu\/wp-content\/uploads\/revamping-1024x453.jpg 1024w, https:\/\/tecnomatic-automations.eu\/wp-content\/uploads\/revamping-1536x680.jpg 1536w\" sizes=\"(max-width: 1920px) 100vw, 1920px\" \/><\/div><\/div><\/div><\/div><\/div><\/div><\/div><\/section>\n","protected":false},"excerpt":{"rendered":"Nuestro Servicio de Atenci\u00f3n al Cliente [vc_custom_heading text=\"Servicios de Asistencia\" font_container=\"tag:h3|font_size:2.8rem|text_align:center\" use_theme_fonts=\"yes\" el_class=\"titolo-sezione\"] Defendemos que el servicio posventa es un elemento fundamental en la oferta a nuestros clientes. Gracias a nuestro departamento dedicado, ofrecemos servicios programados de mantenimiento, reparaci\u00f3n y revisi\u00f3n en todas nuestras m\u00e1quinas con los correspondientes repuestos. Asistencia T\u00e9cnica Gracias a nuestros muchos...","protected":false},"author":1,"featured_media":0,"parent":0,"menu_order":0,"comment_status":"closed","ping_status":"closed","template":"","meta":{"inline_featured_image":false},"yoast_head":"<!-- This site is optimized with the Yoast SEO plugin v21.8.1 - https:\/\/yoast.com\/wordpress\/plugins\/seo\/ -->\n<title>Servicios de Asistencia - Tecnomatic S.r.l.<\/title>\n<meta name=\"robots\" content=\"index, follow, max-snippet:-1, max-image-preview:large, max-video-preview:-1\" \/>\n<link rel=\"canonical\" href=\"https:\/\/tecnomatic-automations.eu\/es\/servicios-de-asistencia\/\" \/>\n<meta property=\"og:locale\" content=\"es_ES\" \/>\n<meta property=\"og:type\" content=\"article\" \/>\n<meta property=\"og:title\" content=\"Servicios de Asistencia - Tecnomatic S.r.l.\" \/>\n<meta property=\"og:url\" content=\"https:\/\/tecnomatic-automations.eu\/es\/servicios-de-asistencia\/\" \/>\n<meta property=\"og:site_name\" content=\"Tecnomatic S.r.l.\" \/>\n<meta name=\"twitter:card\" content=\"summary_large_image\" \/>\n<meta name=\"twitter:label1\" content=\"Tiempo de lectura\" \/>\n\t<meta name=\"twitter:data1\" content=\"2 minutos\" \/>\n<script type=\"application\/ld+json\" class=\"yoast-schema-graph\">{\"@context\":\"https:\/\/schema.org\",\"@graph\":[{\"@type\":\"WebPage\",\"@id\":\"https:\/\/tecnomatic-automations.eu\/es\/servicios-de-asistencia\/\",\"url\":\"https:\/\/tecnomatic-automations.eu\/es\/servicios-de-asistencia\/\",\"name\":\"Servicios de Asistencia - Tecnomatic S.r.l.\",\"isPartOf\":{\"@id\":\"https:\/\/tecnomatic-automations.eu\/es\/#website\"},\"datePublished\":\"2020-06-05T08:27:13+00:00\",\"dateModified\":\"2020-06-05T08:27:13+00:00\",\"breadcrumb\":{\"@id\":\"https:\/\/tecnomatic-automations.eu\/es\/servicios-de-asistencia\/#breadcrumb\"},\"inLanguage\":\"es\",\"potentialAction\":[{\"@type\":\"ReadAction\",\"target\":[\"https:\/\/tecnomatic-automations.eu\/es\/servicios-de-asistencia\/\"]}]},{\"@type\":\"BreadcrumbList\",\"@id\":\"https:\/\/tecnomatic-automations.eu\/es\/servicios-de-asistencia\/#breadcrumb\",\"itemListElement\":[{\"@type\":\"ListItem\",\"position\":1,\"name\":\"Home\",\"item\":\"https:\/\/tecnomatic-automations.eu\/es\/\"},{\"@type\":\"ListItem\",\"position\":2,\"name\":\"Servicios de Asistencia\"}]},{\"@type\":\"WebSite\",\"@id\":\"https:\/\/tecnomatic-automations.eu\/es\/#website\",\"url\":\"https:\/\/tecnomatic-automations.eu\/es\/\",\"name\":\"Tecnomatic S.r.l.\",\"description\":\"Dise\u00f1o y Producci\u00f3n de Sistemas de Alimentaci\u00f3n y Automatizaci\u00f3n para Prensas\",\"potentialAction\":[{\"@type\":\"SearchAction\",\"target\":{\"@type\":\"EntryPoint\",\"urlTemplate\":\"https:\/\/tecnomatic-automations.eu\/es\/?s={search_term_string}\"},\"query-input\":\"required name=search_term_string\"}],\"inLanguage\":\"es\"}]}<\/script>\n<!-- \/ Yoast SEO plugin. -->","yoast_head_json":{"title":"Servicios de Asistencia - Tecnomatic S.r.l.","robots":{"index":"index","follow":"follow","max-snippet":"max-snippet:-1","max-image-preview":"max-image-preview:large","max-video-preview":"max-video-preview:-1"},"canonical":"https:\/\/tecnomatic-automations.eu\/es\/servicios-de-asistencia\/","og_locale":"es_ES","og_type":"article","og_title":"Servicios de Asistencia - Tecnomatic S.r.l.","og_url":"https:\/\/tecnomatic-automations.eu\/es\/servicios-de-asistencia\/","og_site_name":"Tecnomatic S.r.l.","twitter_card":"summary_large_image","twitter_misc":{"Tiempo de lectura":"2 minutos"},"schema":{"@context":"https:\/\/schema.org","@graph":[{"@type":"WebPage","@id":"https:\/\/tecnomatic-automations.eu\/es\/servicios-de-asistencia\/","url":"https:\/\/tecnomatic-automations.eu\/es\/servicios-de-asistencia\/","name":"Servicios de Asistencia - Tecnomatic S.r.l.","isPartOf":{"@id":"https:\/\/tecnomatic-automations.eu\/es\/#website"},"datePublished":"2020-06-05T08:27:13+00:00","dateModified":"2020-06-05T08:27:13+00:00","breadcrumb":{"@id":"https:\/\/tecnomatic-automations.eu\/es\/servicios-de-asistencia\/#breadcrumb"},"inLanguage":"es","potentialAction":[{"@type":"ReadAction","target":["https:\/\/tecnomatic-automations.eu\/es\/servicios-de-asistencia\/"]}]},{"@type":"BreadcrumbList","@id":"https:\/\/tecnomatic-automations.eu\/es\/servicios-de-asistencia\/#breadcrumb","itemListElement":[{"@type":"ListItem","position":1,"name":"Home","item":"https:\/\/tecnomatic-automations.eu\/es\/"},{"@type":"ListItem","position":2,"name":"Servicios de Asistencia"}]},{"@type":"WebSite","@id":"https:\/\/tecnomatic-automations.eu\/es\/#website","url":"https:\/\/tecnomatic-automations.eu\/es\/","name":"Tecnomatic S.r.l.","description":"Dise\u00f1o y Producci\u00f3n de Sistemas de Alimentaci\u00f3n y Automatizaci\u00f3n para Prensas","potentialAction":[{"@type":"SearchAction","target":{"@type":"EntryPoint","urlTemplate":"https:\/\/tecnomatic-automations.eu\/es\/?s={search_term_string}"},"query-input":"required name=search_term_string"}],"inLanguage":"es"}]}},"_links":{"self":[{"href":"https:\/\/tecnomatic-automations.eu\/es\/wp-json\/wp\/v2\/pages\/26427"}],"collection":[{"href":"https:\/\/tecnomatic-automations.eu\/es\/wp-json\/wp\/v2\/pages"}],"about":[{"href":"https:\/\/tecnomatic-automations.eu\/es\/wp-json\/wp\/v2\/types\/page"}],"author":[{"embeddable":true,"href":"https:\/\/tecnomatic-automations.eu\/es\/wp-json\/wp\/v2\/users\/1"}],"replies":[{"embeddable":true,"href":"https:\/\/tecnomatic-automations.eu\/es\/wp-json\/wp\/v2\/comments?post=26427"}],"version-history":[{"count":1,"href":"https:\/\/tecnomatic-automations.eu\/es\/wp-json\/wp\/v2\/pages\/26427\/revisions"}],"predecessor-version":[{"id":26428,"href":"https:\/\/tecnomatic-automations.eu\/es\/wp-json\/wp\/v2\/pages\/26427\/revisions\/26428"}],"wp:attachment":[{"href":"https:\/\/tecnomatic-automations.eu\/es\/wp-json\/wp\/v2\/media?parent=26427"}],"curies":[{"name":"wp","href":"https:\/\/api.w.org\/{rel}","templated":true}]}}