{"id":26334,"date":"2020-06-03T14:29:05","date_gmt":"2020-06-03T12:29:05","guid":{"rendered":"http:\/\/tecnomatic-automations.eu\/kontakt\/"},"modified":"2026-03-19T10:32:00","modified_gmt":"2026-03-19T08:32:00","slug":"kontakt","status":"publish","type":"page","link":"https:\/\/tecnomatic-automations.eu\/de\/kontakt\/","title":{"rendered":"Kontakte"},"content":{"rendered":"<section class=\"l-section wpb_row height_large\"><div class=\"l-section-h i-cf\"><div class=\"g-cols vc_row type_default valign_top\"><div class=\"vc_col-sm-12 wpb_column vc_column_container animate_afc\"><div class=\"vc_column-inner\"><div class=\"wpb_wrapper\">\r\n\t<div class=\"wpb_text_column  sottotitolo-sezione\">\r\n\t\t<div class=\"wpb_wrapper\">\r\n\t\t\t<h6 style=\"text-align: center;\">\n            <strong>Informationen anfordern<\/strong><br \/>\n          <\/h6>\n\r\n\t\t<\/div>\r\n\t<\/div>\r\n<div class=\"w-separator size_custom separatore-colore with_line width_30 thick_3 style_dotted color_custom align_center\" style=\"height:45px;border-color:#fb8002;color:#fb8002;\"><div class=\"w-separator-h\"><\/div><\/div>[vc_custom_heading text=&#8221;Kontakte&#8221; font_container=&#8221;tag:h3|font_size:2.8rem|text_align:center&#8221; use_theme_fonts=&#8221;yes&#8221; el_class=&#8221;titolo-sezione&#8221;]\r\n\t<div class=\"wpb_text_column \">\r\n\t\t<div class=\"wpb_wrapper\">\r\n\t\t\t<p style=\"text-align: center;\">F\u00fcllen Sie das untenstehende Formular f\u00fcr weitere Informationen aus.<br \/>Wir antworten Ihnen gerne so bald wie m\u00f6glich.<\/p>\n\r\n\t\t<\/div>\r\n\t<\/div>\r\n<\/div><\/div><\/div><\/div><\/div><\/section><section class=\"l-section wpb_row height_auto\"><div class=\"l-section-h i-cf\"><div class=\"g-cols vc_row type_default valign_top\"><div class=\"vc_col-sm-6 wpb_column vc_column_container animate_afc\"><div class=\"vc_column-inner\"><div class=\"wpb_wrapper\">\r\n\t<div class=\"wpb_text_column  sottotitolo-sezione\">\r\n\t\t<div class=\"wpb_wrapper\">\r\n\t\t\t<h5>\n            <strong>Kontakte<\/strong><br \/>\n          <\/h5>\n\r\n\t\t<\/div>\r\n\t<\/div>\r\n<div class=\"w-separator size_small\"><\/div><div class=\"w-iconbox iconpos_left style_default color_light align_left no_title\"><div class=\"w-iconbox-icon\" style=\"font-size:30px;\"><i class=\"material-icons\">place<\/i><\/div><div class=\"w-iconbox-meta\"><div class=\"w-iconbox-text\"><p style=\"font-weight: 400;\">Saronni srl<br \/>Via Castelletto Ticino 105<br \/>28040 Borgo Tessin NO, Italien<\/p>\n<\/div><\/div><\/div><div class=\"w-separator size_small\"><\/div><div class=\"w-iconbox iconpos_left style_default color_light align_left no_title\"><a class=\"w-iconbox-link\" href=\"#\" aria-hidden=\"true\"><div class=\"w-iconbox-icon\" style=\"font-size:30px;\"><i class=\"material-icons\">alternate_email<\/i><\/div><\/a><div class=\"w-iconbox-meta\"><div class=\"w-iconbox-text\"><p><a href=\"mailto:info@tecnomatic-automations.eu\">info@tecnomatic-automations.eu<\/a><\/p>\n<\/div><\/div><\/div><div class=\"w-separator size_small\"><\/div><div class=\"w-iconbox iconpos_left style_default color_light align_left no_title\"><div class=\"w-iconbox-icon\" style=\"font-size:30px;\"><i class=\"material-icons\">phone<\/i><\/div><div class=\"w-iconbox-meta\"><div class=\"w-iconbox-text\"><p><b>+39 0321 90164<\/b><\/p>\n<\/div><\/div><\/div><div class=\"w-separator size_medium\"><\/div>\r\n\t<div class=\"wpb_text_column  sottotitolo-sezione\">\r\n\t\t<div class=\"wpb_wrapper\">\r\n\t\t\t<h5>\n            <strong>Folgen Sie uns in den sozialen Medien<\/strong><br \/>\n          <\/h5>\n\r\n\t\t<\/div>\r\n\t<\/div>\r\n<div class=\"w-separator size_small\"><\/div><div class=\"w-socials social-contatti style_solid hover_fade color_text shape_circle align_left\"><div class=\"w-socials-list\" style=\"font-size:20px;margin:-0.1em;\"><div class=\"w-socials-item linkedin\" style=\"padding:0.1em;\"><a class=\"w-socials-item-link\" rel=\"noopener nofollow\" target=\"_blank\" href=\"https:\/\/it.linkedin.com\/company\/tecnomatic-automations-srl\" title=\"LinkedIn\" aria-label=\"LinkedIn\"><span class=\"w-socials-item-link-hover\"><\/span><\/a><div class=\"w-socials-item-popup\"><span>LinkedIn<\/span><\/div><\/div><div class=\"w-socials-item youtube\" style=\"padding:0.1em;\"><a class=\"w-socials-item-link\" rel=\"noopener nofollow\" target=\"_blank\" href=\"https:\/\/www.youtube.com\/channel\/UCdI9jFE-BAO7grpGOSXPr9w\" title=\"YouTube\" aria-label=\"YouTube\"><span class=\"w-socials-item-link-hover\"><\/span><\/a><div class=\"w-socials-item-popup\"><span>YouTube<\/span><\/div><\/div><\/div><\/div><div class=\"w-separator size_large\"><\/div><\/div><\/div><\/div><div class=\"vc_col-sm-6 wpb_column vc_column_container animate_afc\"><div class=\"vc_column-inner\"><div class=\"wpb_wrapper\">\r\n\t<div class=\"wpb_text_column  sottotitolo-sezione\">\r\n\t\t<div class=\"wpb_wrapper\">\r\n\t\t\t<h5>\n            <strong>Informationsanfrage<\/strong><br \/>\n          <\/h5>\n\r\n\t\t<\/div>\r\n\t<\/div>\r\n<div class=\"w-separator size_small\"><\/div>\n<div class=\"wpcf7 no-js\" id=\"wpcf7-f5-o1\" lang=\"it-IT\" dir=\"ltr\">\n<div class=\"screen-reader-response\"><p role=\"status\" aria-live=\"polite\" aria-atomic=\"true\"><\/p> <ul><\/ul><\/div>\n<form action=\"\/de\/wp-json\/wp\/v2\/pages\/26334#wpcf7-f5-o1\" method=\"post\" class=\"wpcf7-form init wpcf7-acceptance-as-validation\" aria-label=\"Modulo di contatto\" novalidate=\"novalidate\" data-status=\"init\">\n<div style=\"display: none;\">\n<input type=\"hidden\" name=\"_wpcf7\" value=\"5\" \/>\n<input type=\"hidden\" name=\"_wpcf7_version\" value=\"5.8.7\" \/>\n<input type=\"hidden\" name=\"_wpcf7_locale\" value=\"it_IT\" \/>\n<input type=\"hidden\" name=\"_wpcf7_unit_tag\" value=\"wpcf7-f5-o1\" \/>\n<input type=\"hidden\" name=\"_wpcf7_container_post\" value=\"0\" \/>\n<input type=\"hidden\" name=\"_wpcf7_posted_data_hash\" value=\"\" \/>\n<input type=\"hidden\" name=\"_wpcf7_recaptcha_response\" value=\"\" \/>\n<\/div>\n<div class=\"column one-half\">\n\t<p><label>Nome e Cognome*<\/label><span class=\"wpcf7-form-control-wrap\" data-name=\"Nome\"><input size=\"40\" class=\"wpcf7-form-control wpcf7-text wpcf7-validates-as-required\" aria-required=\"true\" aria-invalid=\"false\" placeholder=\"Mario Rossi\" value=\"\" type=\"text\" name=\"Nome\" \/><\/span>\n\t<\/p>\n<\/div>\n<div class=\"column one-half-2\">\n\t<p><label>Azienda<\/label><span class=\"wpcf7-form-control-wrap\" data-name=\"Azienda\"><input size=\"40\" class=\"wpcf7-form-control wpcf7-text\" aria-invalid=\"false\" placeholder=\"Rossi spa\" value=\"\" type=\"text\" name=\"Azienda\" \/><\/span>\n\t<\/p>\n<\/div>\n<div class=\"column one-half\">\n\t<p><label>Email*<\/label><span class=\"wpcf7-form-control-wrap\" data-name=\"Email\"><input size=\"40\" class=\"wpcf7-form-control wpcf7-email wpcf7-validates-as-required wpcf7-text wpcf7-validates-as-email\" aria-required=\"true\" aria-invalid=\"false\" placeholder=\"mario.rossi@email.it\" value=\"\" type=\"email\" name=\"Email\" \/><\/span>\n\t<\/p>\n<\/div>\n<div class=\"column one-half-2\">\n\t<p><label>Telefono<\/label><span class=\"wpcf7-form-control-wrap\" data-name=\"Telefono\"><input size=\"40\" class=\"wpcf7-form-control wpcf7-tel wpcf7-text wpcf7-validates-as-tel\" aria-invalid=\"false\" placeholder=\"325 7294036\" value=\"\" type=\"tel\" name=\"Telefono\" \/><\/span>\n\t<\/p>\n<\/div>\n<div class=\"column one intera\">\n\t<p><label>Messaggio*<\/label><span class=\"wpcf7-form-control-wrap\" data-name=\"Messaggio\"><textarea cols=\"40\" rows=\"10\" class=\"wpcf7-form-control wpcf7-textarea wpcf7-validates-as-required\" aria-required=\"true\" aria-invalid=\"false\" placeholder=\"Vorrei richiedere informazioni...\" name=\"Messaggio\"><\/textarea><\/span>\n\t<\/p>\n<\/div>\n<div class=\"column one intera\">\n\t<p><span class=\"wpcf7-form-control-wrap\" data-name=\"AccettazionePrivacy\"><span class=\"wpcf7-form-control wpcf7-acceptance\"><span class=\"wpcf7-list-item\"><label><input type=\"checkbox\" name=\"AccettazionePrivacy\" value=\"1\" aria-invalid=\"false\" \/><span class=\"wpcf7-list-item-label\">CONSENSO AL TRATTAMENTO DEI DATI PERSONALI<\/span><\/label><\/span><\/span><\/span>\n\t<\/p>\n<\/div>\n<div class=\"column one intera privacy\">\n\t<p>Spett.Le Saronni S.r.l.,<br \/>\ndopo aver letto attentamente l'<a href=\"\/privacy-policy\/\" target=\"_blank\">informativa<\/a>, ed avere compreso le caratteristiche del trattamento dei miei dati personali che porrete in essere, Vi conferisco libero, specifico, informato ed inequivocabile consenso al trattamento di tali dati personali per le finalit\u00e0 indicate nella suddetta informativa, ovvero per essere ricontattato ai fini di ricevere maggiori informazioni sui vostri servizi.\n\t<\/p>\n<\/div>\n<div class=\"column one intera\">\n<\/div>\n<div class=\"column one intera\">\n\t<p><input class=\"wpcf7-form-control wpcf7-submit has-spinner button_full_width\" type=\"submit\" value=\"Invia Richiesta\" \/>\n\t<\/p>\n<\/div><div class=\"wpcf7-response-output\" aria-hidden=\"true\"><\/div>\n<\/form>\n<\/div>\n<div class=\"w-separator size_large\"><\/div><\/div><\/div><\/div><\/div><\/div><\/section><section class=\"l-section wpb_row height_auto width_full\"><div class=\"l-section-h i-cf\"><div class=\"g-cols vc_row type_default valign_top\"><div class=\"vc_col-sm-12 wpb_column vc_column_container\"><div class=\"vc_column-inner\"><div class=\"wpb_wrapper\"><div class=\"w-tabs style_default switch_click accordion type_togglable title_atcenter icon_chevron iconpos_right \"><div class=\"w-tabs-list items_1\"><div class=\"w-tabs-list-h\"><div class=\"w-tabs-item active defined-active with_icon\"><div class=\"w-tabs-item-h\"><i class=\"material-icons\">place<\/i><span class=\"w-tabs-item-title\">SEHEN SIE SICH DIE KARTE AN<\/span><\/div><\/div><\/div><\/div><div class=\"w-tabs-sections\"><div class=\"w-tabs-sections-h\"><div class=\"w-tabs-section with_icon no_indents active color_custom\" id=\"map-section\" style=\"background:#fb8002;color:#ffffff;\"><a href=\"#map-section\" class=\"w-tabs-section-header\"><div class=\"w-tabs-section-header-h\"><i class=\"material-icons\">place<\/i><div class=\"w-tabs-section-title\">SEHEN SIE SICH DIE KARTE AN<\/div><div class=\"w-tabs-section-control\"><\/div><\/div><\/a><div class=\"w-tabs-section-content\"><div class=\"w-tabs-section-content-h i-cf\">\r\n\t<div class=\"wpb_text_column \">\r\n\t\t<div class=\"wpb_wrapper\">\r\n\t\t\t<p><iframe loading=\"lazy\" style=\"border: 0;\" src=\"https:\/\/www.google.com\/maps\/embed?pb=!1m18!1m12!1m3!1d4426.870704925762!2d8.611928877458615!3d45.69596087107862!2m3!1f0!2f0!3f0!3m2!1i1024!2i768!4f13.1!3m3!1m2!1s0x4786657890a1593b%3A0x9747d2a6149faa1f!2sSaronni!5e1!3m2!1sit!2sit!4v1773827614684!5m2!1sit!2sit\" width=\"100%\" height=\"450\" allowfullscreen=\"allowfullscreen\"><\/iframe><\/p>\n\r\n\t\t<\/div>\r\n\t<\/div>\r\n<\/div><\/div><\/div><\/div><\/div><\/div><\/div><\/div><\/div><\/div><\/div><\/section>\n","protected":false},"excerpt":{"rendered":"Informationen anfordern [vc_custom_heading text=\"Kontakte\" font_container=\"tag:h3|font_size:2.8rem|text_align:center\" use_theme_fonts=\"yes\" el_class=\"titolo-sezione\"] F\u00fcllen Sie das untenstehende Formular f\u00fcr weitere Informationen aus.Wir antworten Ihnen gerne so bald wie m\u00f6glich. Kontakte place Saronni srlVia Castelletto Ticino 10528040 Borgo Tessin NO, Italien alternate_emailinfo@tecnomatic-automations.eu phone+39 0321 90164 Folgen Sie uns in den sozialen Medien LinkedInYouTube Informationsanfrage Nome e Cognome* Azienda Email* Telefono Messaggio* CONSENSO...","protected":false},"author":1,"featured_media":0,"parent":0,"menu_order":0,"comment_status":"closed","ping_status":"closed","template":"","meta":{"inline_featured_image":false},"yoast_head":"<!-- This site is optimized with the Yoast SEO plugin v21.8.1 - https:\/\/yoast.com\/wordpress\/plugins\/seo\/ -->\n<title>Kontakte - Tecnomatic S.r.l.<\/title>\n<meta name=\"robots\" content=\"index, follow, max-snippet:-1, max-image-preview:large, max-video-preview:-1\" \/>\n<link rel=\"canonical\" href=\"https:\/\/tecnomatic-automations.eu\/de\/kontakt\/\" \/>\n<meta property=\"og:locale\" content=\"de_DE\" \/>\n<meta property=\"og:type\" content=\"article\" \/>\n<meta property=\"og:title\" content=\"Kontakte - Tecnomatic S.r.l.\" \/>\n<meta property=\"og:url\" content=\"https:\/\/tecnomatic-automations.eu\/de\/kontakt\/\" \/>\n<meta property=\"og:site_name\" content=\"Tecnomatic S.r.l.\" \/>\n<meta property=\"article:modified_time\" content=\"2026-03-19T08:32:00+00:00\" \/>\n<meta name=\"twitter:card\" content=\"summary_large_image\" \/>\n<meta name=\"twitter:label1\" content=\"Gesch\u00e4tzte Lesezeit\" \/>\n\t<meta name=\"twitter:data1\" content=\"2\u00a0Minuten\" \/>\n<script type=\"application\/ld+json\" class=\"yoast-schema-graph\">{\"@context\":\"https:\/\/schema.org\",\"@graph\":[{\"@type\":\"WebPage\",\"@id\":\"https:\/\/tecnomatic-automations.eu\/de\/kontakt\/\",\"url\":\"https:\/\/tecnomatic-automations.eu\/de\/kontakt\/\",\"name\":\"Kontakte - Tecnomatic S.r.l.\",\"isPartOf\":{\"@id\":\"https:\/\/tecnomatic-automations.eu\/de\/#website\"},\"datePublished\":\"2020-06-03T12:29:05+00:00\",\"dateModified\":\"2026-03-19T08:32:00+00:00\",\"breadcrumb\":{\"@id\":\"https:\/\/tecnomatic-automations.eu\/de\/kontakt\/#breadcrumb\"},\"inLanguage\":\"de\",\"potentialAction\":[{\"@type\":\"ReadAction\",\"target\":[\"https:\/\/tecnomatic-automations.eu\/de\/kontakt\/\"]}]},{\"@type\":\"BreadcrumbList\",\"@id\":\"https:\/\/tecnomatic-automations.eu\/de\/kontakt\/#breadcrumb\",\"itemListElement\":[{\"@type\":\"ListItem\",\"position\":1,\"name\":\"Home\",\"item\":\"https:\/\/tecnomatic-automations.eu\/de\/\"},{\"@type\":\"ListItem\",\"position\":2,\"name\":\"Kontakte\"}]},{\"@type\":\"WebSite\",\"@id\":\"https:\/\/tecnomatic-automations.eu\/de\/#website\",\"url\":\"https:\/\/tecnomatic-automations.eu\/de\/\",\"name\":\"Tecnomatic S.r.l.\",\"description\":\"Design und Produktion von Beschickungsanlagen und Automatisierung f\u00fcr Pressen\",\"potentialAction\":[{\"@type\":\"SearchAction\",\"target\":{\"@type\":\"EntryPoint\",\"urlTemplate\":\"https:\/\/tecnomatic-automations.eu\/de\/?s={search_term_string}\"},\"query-input\":\"required name=search_term_string\"}],\"inLanguage\":\"de\"}]}<\/script>\n<!-- \/ Yoast SEO plugin. -->","yoast_head_json":{"title":"Kontakte - Tecnomatic S.r.l.","robots":{"index":"index","follow":"follow","max-snippet":"max-snippet:-1","max-image-preview":"max-image-preview:large","max-video-preview":"max-video-preview:-1"},"canonical":"https:\/\/tecnomatic-automations.eu\/de\/kontakt\/","og_locale":"de_DE","og_type":"article","og_title":"Kontakte - Tecnomatic S.r.l.","og_url":"https:\/\/tecnomatic-automations.eu\/de\/kontakt\/","og_site_name":"Tecnomatic S.r.l.","article_modified_time":"2026-03-19T08:32:00+00:00","twitter_card":"summary_large_image","twitter_misc":{"Gesch\u00e4tzte Lesezeit":"2\u00a0Minuten"},"schema":{"@context":"https:\/\/schema.org","@graph":[{"@type":"WebPage","@id":"https:\/\/tecnomatic-automations.eu\/de\/kontakt\/","url":"https:\/\/tecnomatic-automations.eu\/de\/kontakt\/","name":"Kontakte - Tecnomatic S.r.l.","isPartOf":{"@id":"https:\/\/tecnomatic-automations.eu\/de\/#website"},"datePublished":"2020-06-03T12:29:05+00:00","dateModified":"2026-03-19T08:32:00+00:00","breadcrumb":{"@id":"https:\/\/tecnomatic-automations.eu\/de\/kontakt\/#breadcrumb"},"inLanguage":"de","potentialAction":[{"@type":"ReadAction","target":["https:\/\/tecnomatic-automations.eu\/de\/kontakt\/"]}]},{"@type":"BreadcrumbList","@id":"https:\/\/tecnomatic-automations.eu\/de\/kontakt\/#breadcrumb","itemListElement":[{"@type":"ListItem","position":1,"name":"Home","item":"https:\/\/tecnomatic-automations.eu\/de\/"},{"@type":"ListItem","position":2,"name":"Kontakte"}]},{"@type":"WebSite","@id":"https:\/\/tecnomatic-automations.eu\/de\/#website","url":"https:\/\/tecnomatic-automations.eu\/de\/","name":"Tecnomatic S.r.l.","description":"Design und Produktion von Beschickungsanlagen und Automatisierung f\u00fcr Pressen","potentialAction":[{"@type":"SearchAction","target":{"@type":"EntryPoint","urlTemplate":"https:\/\/tecnomatic-automations.eu\/de\/?s={search_term_string}"},"query-input":"required name=search_term_string"}],"inLanguage":"de"}]}},"_links":{"self":[{"href":"https:\/\/tecnomatic-automations.eu\/de\/wp-json\/wp\/v2\/pages\/26334"}],"collection":[{"href":"https:\/\/tecnomatic-automations.eu\/de\/wp-json\/wp\/v2\/pages"}],"about":[{"href":"https:\/\/tecnomatic-automations.eu\/de\/wp-json\/wp\/v2\/types\/page"}],"author":[{"embeddable":true,"href":"https:\/\/tecnomatic-automations.eu\/de\/wp-json\/wp\/v2\/users\/1"}],"replies":[{"embeddable":true,"href":"https:\/\/tecnomatic-automations.eu\/de\/wp-json\/wp\/v2\/comments?post=26334"}],"version-history":[{"count":14,"href":"https:\/\/tecnomatic-automations.eu\/de\/wp-json\/wp\/v2\/pages\/26334\/revisions"}],"predecessor-version":[{"id":26986,"href":"https:\/\/tecnomatic-automations.eu\/de\/wp-json\/wp\/v2\/pages\/26334\/revisions\/26986"}],"wp:attachment":[{"href":"https:\/\/tecnomatic-automations.eu\/de\/wp-json\/wp\/v2\/media?parent=26334"}],"curies":[{"name":"wp","href":"https:\/\/api.w.org\/{rel}","templated":true}]}}