{"id":26332,"date":"2020-06-03T14:20:26","date_gmt":"2020-06-03T12:20:26","guid":{"rendered":"http:\/\/tecnomatic-automations.eu\/dienstleistungen\/"},"modified":"2020-06-04T14:54:42","modified_gmt":"2020-06-04T12:54:42","slug":"hilfsdienste","status":"publish","type":"page","link":"https:\/\/tecnomatic-automations.eu\/de\/hilfsdienste\/","title":{"rendered":"Hilfsdienste"},"content":{"rendered":"<section class=\"l-section wpb_row height_large\"><div class=\"l-section-h i-cf\"><div class=\"g-cols vc_row type_default valign_middle\"><div class=\"vc_col-sm-12 wpb_column vc_column_container animate_afc\"><div class=\"vc_column-inner\"><div class=\"wpb_wrapper\">\r\n\t<div class=\"wpb_text_column  sottotitolo-sezione\">\r\n\t\t<div class=\"wpb_wrapper\">\r\n\t\t\t<h6 style=\"text-align: center;\"><strong>Unser Kundendienst<\/strong><\/h6>\n\r\n\t\t<\/div>\r\n\t<\/div>\r\n<div class=\"w-separator size_custom separatore-colore with_line width_30 thick_3 style_dotted color_custom align_center\" style=\"height:45px;border-color:#fb8002;color:#fb8002;\"><div class=\"w-separator-h\"><\/div><\/div>[vc_custom_heading text=&#8221;Hilfsdienste&#8221; font_container=&#8221;tag:h3|font_size:2.8rem|text_align:center&#8221; use_theme_fonts=&#8221;yes&#8221; el_class=&#8221;titolo-sezione&#8221;]\r\n\t<div class=\"wpb_text_column \">\r\n\t\t<div class=\"wpb_wrapper\">\r\n\t\t\t<p style=\"text-align: center;\">Wir glauben, dass unser After Sales Service ein grundlegendes Element ist, das wir unseren Kunden anbieten k\u00f6nnen.  Dank unserer engagierten Abteilung k\u00f6nnen wir programmierte Wartungsdienste, Reparatur- und \u00dcberholungsarbeiten f\u00fcr alle unsere Maschinen und Ersatzteile anbieten.<\/p>\n\r\n\t\t<\/div>\r\n\t<\/div>\r\n<div class=\"w-separator us_separator_1 size_custom\" style=\"height:70px;\"><style>@media(max-width:767px){.us_separator_1{height:30px!important}}@media(max-width:600px){.us_separator_1{height:10px!important}}<\/style><\/div><\/div><\/div><\/div><div class=\"vc_col-sm-6 wpb_column vc_column_container\"><div class=\"vc_column-inner\"><div class=\"wpb_wrapper\"><div class=\"w-image align_none\"><div class=\"w-image-h\"><img width=\"1920\" height=\"850\" src=\"https:\/\/tecnomatic-automations.eu\/wp-content\/uploads\/assistenza-tecnica.jpg\" class=\"attachment-full size-full\" alt=\"\" decoding=\"async\" loading=\"lazy\" srcset=\"https:\/\/tecnomatic-automations.eu\/wp-content\/uploads\/assistenza-tecnica.jpg 1920w, https:\/\/tecnomatic-automations.eu\/wp-content\/uploads\/assistenza-tecnica-300x133.jpg 300w, https:\/\/tecnomatic-automations.eu\/wp-content\/uploads\/assistenza-tecnica-1024x453.jpg 1024w, https:\/\/tecnomatic-automations.eu\/wp-content\/uploads\/assistenza-tecnica-1536x680.jpg 1536w\" sizes=\"(max-width: 1920px) 100vw, 1920px\" \/><\/div><\/div><\/div><\/div><\/div><div class=\"vc_col-sm-6 wpb_column vc_column_container\"><div class=\"vc_column-inner\"><div class=\"wpb_wrapper\">\r\n\t<div class=\"wpb_text_column \">\r\n\t\t<div class=\"wpb_wrapper\">\r\n\t\t\t<h5><strong>Technischer Support<\/strong><\/h5>\n<p> Dank unserer langj\u00e4hrigen Erfahrung in diesem Sektor und unserem Team erfahrener Techniker, bieten wir schnelle und l\u00f6sendeEingriffe, in Absprache mit den Produktionsbed\u00fcrfnissen unserer Kunden.<\/p>\n\r\n\t\t<\/div>\r\n\t<\/div>\r\n<\/div><\/div><\/div><div class=\"vc_col-sm-12 wpb_column vc_column_container\"><div class=\"vc_column-inner\"><div class=\"wpb_wrapper\"><div class=\"w-separator us_separator_2 size_custom\" style=\"height:55px;\"><style>@media(max-width:767px){.us_separator_2{height:35px!important}}@media(max-width:600px){.us_separator_2{height:20px!important}}<\/style><\/div><\/div><\/div><\/div><div class=\"vc_col-sm-6 wpb_column vc_column_container\"><div class=\"vc_column-inner\"><div class=\"wpb_wrapper\">\r\n\t<div class=\"wpb_text_column \">\r\n\t\t<div class=\"wpb_wrapper\">\r\n\t\t\t<h5><strong>Ersatzteilservice<\/strong><\/h5>\n<p>In unserem Hauptsitz gibt es ein Ersatzteillager mit der M\u00f6glichkeit, innerhalb von 24 Stunden den Kunden zu beliefern.<\/p>\n\r\n\t\t<\/div>\r\n\t<\/div>\r\n<\/div><\/div><\/div><div class=\"vc_col-sm-6 wpb_column vc_column_container\"><div class=\"vc_column-inner\"><div class=\"wpb_wrapper\"><div class=\"w-image align_none\"><div class=\"w-image-h\"><img width=\"1920\" height=\"850\" src=\"https:\/\/tecnomatic-automations.eu\/wp-content\/uploads\/servizio-ricambi.jpg\" class=\"attachment-full size-full\" alt=\"\" decoding=\"async\" loading=\"lazy\" srcset=\"https:\/\/tecnomatic-automations.eu\/wp-content\/uploads\/servizio-ricambi.jpg 1920w, https:\/\/tecnomatic-automations.eu\/wp-content\/uploads\/servizio-ricambi-300x133.jpg 300w, https:\/\/tecnomatic-automations.eu\/wp-content\/uploads\/servizio-ricambi-1024x453.jpg 1024w, https:\/\/tecnomatic-automations.eu\/wp-content\/uploads\/servizio-ricambi-1536x680.jpg 1536w\" sizes=\"(max-width: 1920px) 100vw, 1920px\" \/><\/div><\/div><\/div><\/div><\/div><div class=\"vc_col-sm-12 wpb_column vc_column_container\"><div class=\"vc_column-inner\"><div class=\"wpb_wrapper\"><div class=\"w-separator us_separator_3 size_custom\" style=\"height:55px;\"><style>@media(max-width:767px){.us_separator_3{height:35px!important}}@media(max-width:600px){.us_separator_3{height:20px!important}}<\/style><\/div><\/div><\/div><\/div><div class=\"vc_col-sm-6 wpb_column vc_column_container\"><div class=\"vc_column-inner\"><div class=\"wpb_wrapper\"><div class=\"w-image align_none\"><div class=\"w-image-h\"><img width=\"1920\" height=\"850\" src=\"https:\/\/tecnomatic-automations.eu\/wp-content\/uploads\/manutenzione-programmata.jpg\" class=\"attachment-full size-full\" alt=\"\" decoding=\"async\" loading=\"lazy\" srcset=\"https:\/\/tecnomatic-automations.eu\/wp-content\/uploads\/manutenzione-programmata.jpg 1920w, https:\/\/tecnomatic-automations.eu\/wp-content\/uploads\/manutenzione-programmata-300x133.jpg 300w, https:\/\/tecnomatic-automations.eu\/wp-content\/uploads\/manutenzione-programmata-1024x453.jpg 1024w, https:\/\/tecnomatic-automations.eu\/wp-content\/uploads\/manutenzione-programmata-1536x680.jpg 1536w\" sizes=\"(max-width: 1920px) 100vw, 1920px\" \/><\/div><\/div><\/div><\/div><\/div><div class=\"vc_col-sm-6 wpb_column vc_column_container\"><div class=\"vc_column-inner\"><div class=\"wpb_wrapper\">\r\n\t<div class=\"wpb_text_column \">\r\n\t\t<div class=\"wpb_wrapper\">\r\n\t\t\t<h5><strong>Programmierte Wartung<\/strong><\/h5>\n<p>Die programmierte Wartung wird durch unser Fachpersonal gew\u00e4hrleistet. Dasselbe gilt f\u00fcr die Durchf\u00fchrung aller vorbeugenden Wartungskontrollen, um die Produktionsausfallzeiten auf ein Minimum zu reduzieren. Eine geplante Ausgabe, die unvorhergesehene Kosten vermeidet, die in der Regel viel h\u00f6her sind.<\/p>\n\r\n\t\t<\/div>\r\n\t<\/div>\r\n<\/div><\/div><\/div><div class=\"vc_col-sm-12 wpb_column vc_column_container\"><div class=\"vc_column-inner\"><div class=\"wpb_wrapper\"><div class=\"w-separator us_separator_4 size_custom\" style=\"height:55px;\"><style>@media(max-width:767px){.us_separator_4{height:35px!important}}@media(max-width:600px){.us_separator_4{height:20px!important}}<\/style><\/div><\/div><\/div><\/div><div class=\"vc_col-sm-6 wpb_column vc_column_container\"><div class=\"vc_column-inner\"><div class=\"wpb_wrapper\">\r\n\t<div class=\"wpb_text_column \">\r\n\t\t<div class=\"wpb_wrapper\">\r\n\t\t\t<h5><strong>Revamping<\/strong><\/h5>\n<p>Die Revision ist der beste und billigste Weg, Maschinen neues Leben einzuhauchen. Wir bieten einen Retrofitting-Service f\u00fcr unsere Maschinen an, die wir bis ins kleinste Detail kennen; unsere Dienstleistungen verl\u00e4ngern nicht nur deren Lebensdauer, sondern erh\u00f6hen auch ihre Funktionalit\u00e4t und Sicherheit.<\/p>\n\r\n\t\t<\/div>\r\n\t<\/div>\r\n<\/div><\/div><\/div><div class=\"vc_col-sm-6 wpb_column vc_column_container\"><div class=\"vc_column-inner\"><div class=\"wpb_wrapper\"><div class=\"w-image align_none\"><div class=\"w-image-h\"><img width=\"1920\" height=\"850\" src=\"https:\/\/tecnomatic-automations.eu\/wp-content\/uploads\/revamping.jpg\" class=\"attachment-full size-full\" alt=\"\" decoding=\"async\" loading=\"lazy\" srcset=\"https:\/\/tecnomatic-automations.eu\/wp-content\/uploads\/revamping.jpg 1920w, https:\/\/tecnomatic-automations.eu\/wp-content\/uploads\/revamping-300x133.jpg 300w, https:\/\/tecnomatic-automations.eu\/wp-content\/uploads\/revamping-1024x453.jpg 1024w, https:\/\/tecnomatic-automations.eu\/wp-content\/uploads\/revamping-1536x680.jpg 1536w\" sizes=\"(max-width: 1920px) 100vw, 1920px\" \/><\/div><\/div><\/div><\/div><\/div><\/div><\/div><\/section>\n","protected":false},"excerpt":{"rendered":"Unser Kundendienst [vc_custom_heading text=\"Hilfsdienste\" font_container=\"tag:h3|font_size:2.8rem|text_align:center\" use_theme_fonts=\"yes\" el_class=\"titolo-sezione\"] Wir glauben, dass unser After Sales Service ein grundlegendes Element ist, das wir unseren Kunden anbieten k\u00f6nnen. Dank unserer engagierten Abteilung k\u00f6nnen wir programmierte Wartungsdienste, Reparatur- und \u00dcberholungsarbeiten f\u00fcr alle unsere Maschinen und Ersatzteile anbieten. Technischer Support Dank unserer langj\u00e4hrigen Erfahrung in diesem Sektor und unserem Team erfahrener...","protected":false},"author":1,"featured_media":0,"parent":0,"menu_order":0,"comment_status":"closed","ping_status":"closed","template":"","meta":{"inline_featured_image":false},"yoast_head":"<!-- This site is optimized with the Yoast SEO plugin v21.8.1 - https:\/\/yoast.com\/wordpress\/plugins\/seo\/ -->\n<title>Hilfsdienste - Tecnomatic S.r.l.<\/title>\n<meta name=\"robots\" content=\"index, follow, max-snippet:-1, max-image-preview:large, max-video-preview:-1\" \/>\n<link rel=\"canonical\" href=\"https:\/\/tecnomatic-automations.eu\/de\/hilfsdienste\/\" \/>\n<meta property=\"og:locale\" content=\"de_DE\" \/>\n<meta property=\"og:type\" content=\"article\" \/>\n<meta property=\"og:title\" content=\"Hilfsdienste - Tecnomatic S.r.l.\" \/>\n<meta property=\"og:url\" content=\"https:\/\/tecnomatic-automations.eu\/de\/hilfsdienste\/\" \/>\n<meta property=\"og:site_name\" content=\"Tecnomatic S.r.l.\" \/>\n<meta property=\"article:modified_time\" content=\"2020-06-04T12:54:42+00:00\" \/>\n<meta name=\"twitter:card\" content=\"summary_large_image\" \/>\n<meta name=\"twitter:label1\" content=\"Gesch\u00e4tzte Lesezeit\" \/>\n\t<meta name=\"twitter:data1\" content=\"2\u00a0Minuten\" \/>\n<script type=\"application\/ld+json\" class=\"yoast-schema-graph\">{\"@context\":\"https:\/\/schema.org\",\"@graph\":[{\"@type\":\"WebPage\",\"@id\":\"https:\/\/tecnomatic-automations.eu\/de\/hilfsdienste\/\",\"url\":\"https:\/\/tecnomatic-automations.eu\/de\/hilfsdienste\/\",\"name\":\"Hilfsdienste - Tecnomatic S.r.l.\",\"isPartOf\":{\"@id\":\"https:\/\/tecnomatic-automations.eu\/de\/#website\"},\"datePublished\":\"2020-06-03T12:20:26+00:00\",\"dateModified\":\"2020-06-04T12:54:42+00:00\",\"breadcrumb\":{\"@id\":\"https:\/\/tecnomatic-automations.eu\/de\/hilfsdienste\/#breadcrumb\"},\"inLanguage\":\"de\",\"potentialAction\":[{\"@type\":\"ReadAction\",\"target\":[\"https:\/\/tecnomatic-automations.eu\/de\/hilfsdienste\/\"]}]},{\"@type\":\"BreadcrumbList\",\"@id\":\"https:\/\/tecnomatic-automations.eu\/de\/hilfsdienste\/#breadcrumb\",\"itemListElement\":[{\"@type\":\"ListItem\",\"position\":1,\"name\":\"Home\",\"item\":\"https:\/\/tecnomatic-automations.eu\/de\/\"},{\"@type\":\"ListItem\",\"position\":2,\"name\":\"Hilfsdienste\"}]},{\"@type\":\"WebSite\",\"@id\":\"https:\/\/tecnomatic-automations.eu\/de\/#website\",\"url\":\"https:\/\/tecnomatic-automations.eu\/de\/\",\"name\":\"Tecnomatic S.r.l.\",\"description\":\"Design und Produktion von Beschickungsanlagen und Automatisierung f\u00fcr Pressen\",\"potentialAction\":[{\"@type\":\"SearchAction\",\"target\":{\"@type\":\"EntryPoint\",\"urlTemplate\":\"https:\/\/tecnomatic-automations.eu\/de\/?s={search_term_string}\"},\"query-input\":\"required name=search_term_string\"}],\"inLanguage\":\"de\"}]}<\/script>\n<!-- \/ Yoast SEO plugin. -->","yoast_head_json":{"title":"Hilfsdienste - Tecnomatic S.r.l.","robots":{"index":"index","follow":"follow","max-snippet":"max-snippet:-1","max-image-preview":"max-image-preview:large","max-video-preview":"max-video-preview:-1"},"canonical":"https:\/\/tecnomatic-automations.eu\/de\/hilfsdienste\/","og_locale":"de_DE","og_type":"article","og_title":"Hilfsdienste - Tecnomatic S.r.l.","og_url":"https:\/\/tecnomatic-automations.eu\/de\/hilfsdienste\/","og_site_name":"Tecnomatic S.r.l.","article_modified_time":"2020-06-04T12:54:42+00:00","twitter_card":"summary_large_image","twitter_misc":{"Gesch\u00e4tzte Lesezeit":"2\u00a0Minuten"},"schema":{"@context":"https:\/\/schema.org","@graph":[{"@type":"WebPage","@id":"https:\/\/tecnomatic-automations.eu\/de\/hilfsdienste\/","url":"https:\/\/tecnomatic-automations.eu\/de\/hilfsdienste\/","name":"Hilfsdienste - Tecnomatic S.r.l.","isPartOf":{"@id":"https:\/\/tecnomatic-automations.eu\/de\/#website"},"datePublished":"2020-06-03T12:20:26+00:00","dateModified":"2020-06-04T12:54:42+00:00","breadcrumb":{"@id":"https:\/\/tecnomatic-automations.eu\/de\/hilfsdienste\/#breadcrumb"},"inLanguage":"de","potentialAction":[{"@type":"ReadAction","target":["https:\/\/tecnomatic-automations.eu\/de\/hilfsdienste\/"]}]},{"@type":"BreadcrumbList","@id":"https:\/\/tecnomatic-automations.eu\/de\/hilfsdienste\/#breadcrumb","itemListElement":[{"@type":"ListItem","position":1,"name":"Home","item":"https:\/\/tecnomatic-automations.eu\/de\/"},{"@type":"ListItem","position":2,"name":"Hilfsdienste"}]},{"@type":"WebSite","@id":"https:\/\/tecnomatic-automations.eu\/de\/#website","url":"https:\/\/tecnomatic-automations.eu\/de\/","name":"Tecnomatic S.r.l.","description":"Design und Produktion von Beschickungsanlagen und Automatisierung f\u00fcr Pressen","potentialAction":[{"@type":"SearchAction","target":{"@type":"EntryPoint","urlTemplate":"https:\/\/tecnomatic-automations.eu\/de\/?s={search_term_string}"},"query-input":"required name=search_term_string"}],"inLanguage":"de"}]}},"_links":{"self":[{"href":"https:\/\/tecnomatic-automations.eu\/de\/wp-json\/wp\/v2\/pages\/26332"}],"collection":[{"href":"https:\/\/tecnomatic-automations.eu\/de\/wp-json\/wp\/v2\/pages"}],"about":[{"href":"https:\/\/tecnomatic-automations.eu\/de\/wp-json\/wp\/v2\/types\/page"}],"author":[{"embeddable":true,"href":"https:\/\/tecnomatic-automations.eu\/de\/wp-json\/wp\/v2\/users\/1"}],"replies":[{"embeddable":true,"href":"https:\/\/tecnomatic-automations.eu\/de\/wp-json\/wp\/v2\/comments?post=26332"}],"version-history":[{"count":2,"href":"https:\/\/tecnomatic-automations.eu\/de\/wp-json\/wp\/v2\/pages\/26332\/revisions"}],"predecessor-version":[{"id":26379,"href":"https:\/\/tecnomatic-automations.eu\/de\/wp-json\/wp\/v2\/pages\/26332\/revisions\/26379"}],"wp:attachment":[{"href":"https:\/\/tecnomatic-automations.eu\/de\/wp-json\/wp\/v2\/media?parent=26332"}],"curies":[{"name":"wp","href":"https:\/\/api.w.org\/{rel}","templated":true}]}}